{"id":7,"date":"2026-02-20T11:06:51","date_gmt":"2026-02-20T11:06:51","guid":{"rendered":"http:\/\/volviendoaltexto.wordpress.com\/?page_id=1"},"modified":"2026-02-23T13:39:06","modified_gmt":"2026-02-23T13:39:06","slug":"about","status":"publish","type":"page","link":"https:\/\/volviendoaltexto.com\/index.php\/about\/","title":{"rendered":"Sobre este espacio"},"content":{"rendered":"\n<div class=\"wp-block-group has-global-padding is-layout-constrained wp-block-group-is-layout-constrained\">\n<h6 class=\"wp-block-heading has-text-align-left has-medium-font-size\"><strong>Sobre este espacio<\/strong><\/h6>\n\n\n\n<p><strong>Volviendo al Texto<\/strong> nace del deseo profundo de reencontrarnos con la fuente de nuestra fe. En un mundo lleno de voces y opiniones, creemos que la mayor necesidad del creyente es regresar a la fuente de la verdad: la Palabra de Dios.<\/p>\n\n\n\n<p class=\"has-text-align-left\">Este es un espacio dedicado al estudio exhaustivo de las Escrituras, donde nos detenemos a considerar su contexto hist\u00f3rico, su ex\u00e9gesis b\u00edblica y, por sobre todo, su profunda ense\u00f1anza. <\/p>\n<\/div>\n\n\n\n<p style=\"font-size:clamp(14px, 0.875rem + ((1vw - 3.2px) * 0.357), 18px);\"><strong>Misi\u00f3n <\/strong><\/p>\n\n\n\n<p>La misi\u00f3n es colaborar en la formaci\u00f3n de creyentes firmes, hombres y mujeres arraigados en la verdad inamovible de la palabra. Ayudar a atesorar el mensaje b\u00edblico, descubriendo su relevancia eterna para los desaf\u00edos de la vida cristiana.<\/p>\n\n\n\n<p>En <strong>Volviendo al Texto<\/strong>, la meta es clara: que al entender mejor el Texto, amemos m\u00e1s al Autor.<\/p>\n","protected":false},"excerpt":{"rendered":"<p>Sobre este espacio Volviendo al Texto nace del deseo profundo de reencontrarnos con la fuente de nuestra fe. En un mundo lleno de voces y opiniones, creemos que la mayor necesidad del creyente es regresar a la fuente de la verdad: la Palabra de Dios. Este es un espacio dedicado al estudio exhaustivo de las [&hellip;]<\/p>\n","protected":false},"author":1,"featured_media":0,"parent":0,"menu_order":0,"comment_status":"closed","ping_status":"closed","template":"","meta":{"footnotes":""},"class_list":["post-7","page","type-page","status-publish","hentry"],"_links":{"self":[{"href":"https:\/\/volviendoaltexto.com\/index.php\/wp-json\/wp\/v2\/pages\/7","targetHints":{"allow":["GET"]}}],"collection":[{"href":"https:\/\/volviendoaltexto.com\/index.php\/wp-json\/wp\/v2\/pages"}],"about":[{"href":"https:\/\/volviendoaltexto.com\/index.php\/wp-json\/wp\/v2\/types\/page"}],"author":[{"embeddable":true,"href":"https:\/\/volviendoaltexto.com\/index.php\/wp-json\/wp\/v2\/users\/1"}],"replies":[{"embeddable":true,"href":"https:\/\/volviendoaltexto.com\/index.php\/wp-json\/wp\/v2\/comments?post=7"}],"version-history":[{"count":5,"href":"https:\/\/volviendoaltexto.com\/index.php\/wp-json\/wp\/v2\/pages\/7\/revisions"}],"predecessor-version":[{"id":134,"href":"https:\/\/volviendoaltexto.com\/index.php\/wp-json\/wp\/v2\/pages\/7\/revisions\/134"}],"wp:attachment":[{"href":"https:\/\/volviendoaltexto.com\/index.php\/wp-json\/wp\/v2\/media?parent=7"}],"curies":[{"name":"wp","href":"https:\/\/api.w.org\/{rel}","templated":true}]}}